{"id":25668,"date":"2022-11-24T20:40:17","date_gmt":"2022-11-24T20:40:17","guid":{"rendered":"https:\/\/sanantonioalgeciras.com\/?page_id=25668"},"modified":"2022-11-24T20:45:29","modified_gmt":"2022-11-24T20:45:29","slug":"proyecto-de-amor-conyugal","status":"publish","type":"page","link":"https:\/\/sanantonioalgeciras.com\/index.php\/proyecto-de-amor-conyugal\/","title":{"rendered":"Proyecto de amor conyugal"},"content":{"rendered":"<div class=\"push\" style='margin-bottom:-60px'><\/div>\n<div class=\"row \"><div class=\"wpv-grid grid-1-1  wpv-first-level parallax-bg first has-video-bg has-background extended\" style=\"\n\t\t\t\tbackground: url('https:\/\/sanantonioalgeciras.com\/wp-content\/themes\/churchtheme\/samples\/images\/video_bg1.jpg')  center top;\n\t\t\t\tbackground-size: cover;\n\t\t\t\tbackground-attachment: fixed;\n\t\t\tpadding-top:0px;padding-bottom:0px\" id=\"section-home\"  data-parallax-method=\"to-centre\" data-parallax-inertia=\"-0.2\"><div class=\"extended-column-inner\"><div class=\"wpv-video-bg\">\n\t\t\t\t<video autoplay loop preload=\"metadata\" width=\"100%\" class=\"wpv-background-video\" style=\"width:100%\">\n\t\t\t\t\t<source type=\"video\/mp4\" src=\"https:\/\/church-event.vamtam.com\/wp-content\/uploads\/2014\/01\/Wonder-HD-Background-Loop1.mp4\"><\/source>\n\t\t\t\t<\/video>\n\t\t\t<\/div><div class=\"wpv-video-bg-content\"><div class=\"row \"><div class=\"wpv-grid grid-1-1  first unextended\" style=\"padding-top:0px;padding-bottom:0px\" id=\"wpv-column-ea555250bd1dcd2dee919cd5820b2dca\" ><div class=\"push\" style='height:100px'><\/div>\n<p><span style=\"color: #ffffff;\">Es un proyecto impulsado por la Sant\u00edsima Virgen Mar\u00eda que tiene sus comienzos en agosto de 2002. Proyecto Amor Conyugal es un m\u00e9todo para matrimonios basado en las catequesis de San Juan Pablo II sobre el amor humano y consiste en trabajar sobre tres pilares (fe, formaci\u00f3n y vida) para recuperar el plan de Dios para el matrimonio y la familia, el que inici\u00f3 desde la creaci\u00f3n del hombre-mujer, y que tiene como objetivo la santidad.<\/span><\/p>\n<p><span style=\"color: #ffffff;\">El grupo de matrimonios de Proyecto de Amor Conyugal se re\u00fane los terceros lunes de mes, de 19:45h a 21:15h.<\/span><\/p>\n<p><span style=\"color: #ffffff;\">Las inscripciones se podr\u00e1n realizar a trav\u00e9s del siguiente <a style=\"color: #ffffff;\" href=\"https:\/\/sanantonioalgeciras.com\/index.php\/features__trashed\/templates\/mantenimeinto\/\">link.<\/a><\/span><\/p>\n<p><span style=\"color: #ffffff;\">Para cualquier duda, pod\u00e9is contactarnos en p_santonioalgeciras@obispadocadizyceuta.es\u00a0<\/span><\/div><\/div>\n<div class=\"sep\"><\/div>\n<h1 style=\"text-align: center;\"><span style=\"color: #ffffff;\"><strong>PROYECTO DE AMOR CONYUGAL<\/strong><\/span><\/h1>\n<div class=\"row \"><div class=\"wpv-grid grid-1-1  first unextended animation-fade-in animated-active\" style=\"padding-top:0px;padding-bottom:0px\" id=\"wpv-column-1bb05d34d3cb039dd91c9fe72bfd697e\" ><p><\/div><\/div><\/div><\/div><\/div><\/div>\n","protected":false},"excerpt":{"rendered":"<p>Es un proyecto impulsado por la Sant\u00edsima Virgen Mar\u00eda que tiene sus comienzos en agosto de 2002. Proyecto Amor Conyugal es un m\u00e9todo para matrimonios basado en las catequesis de San Juan Pablo II sobre el amor humano y consiste en trabajar sobre tres pilares (fe, formaci\u00f3n y vida) para recuperar el plan de Dios&#8230;<\/p>\n","protected":false},"author":1,"featured_media":0,"parent":0,"menu_order":0,"comment_status":"closed","ping_status":"closed","template":"onepage.php","meta":{"footnotes":""},"class_list":["post-25668","page","type-page","status-publish","hentry"],"_links":{"self":[{"href":"https:\/\/sanantonioalgeciras.com\/index.php\/wp-json\/wp\/v2\/pages\/25668","targetHints":{"allow":["GET"]}}],"collection":[{"href":"https:\/\/sanantonioalgeciras.com\/index.php\/wp-json\/wp\/v2\/pages"}],"about":[{"href":"https:\/\/sanantonioalgeciras.com\/index.php\/wp-json\/wp\/v2\/types\/page"}],"author":[{"embeddable":true,"href":"https:\/\/sanantonioalgeciras.com\/index.php\/wp-json\/wp\/v2\/users\/1"}],"replies":[{"embeddable":true,"href":"https:\/\/sanantonioalgeciras.com\/index.php\/wp-json\/wp\/v2\/comments?post=25668"}],"version-history":[{"count":5,"href":"https:\/\/sanantonioalgeciras.com\/index.php\/wp-json\/wp\/v2\/pages\/25668\/revisions"}],"predecessor-version":[{"id":25675,"href":"https:\/\/sanantonioalgeciras.com\/index.php\/wp-json\/wp\/v2\/pages\/25668\/revisions\/25675"}],"wp:attachment":[{"href":"https:\/\/sanantonioalgeciras.com\/index.php\/wp-json\/wp\/v2\/media?parent=25668"}],"curies":[{"name":"wp","href":"https:\/\/api.w.org\/{rel}","templated":true}]}}