{"id":25773,"date":"2022-11-25T16:15:50","date_gmt":"2022-11-25T16:15:50","guid":{"rendered":"https:\/\/sanantonioalgeciras.com\/?page_id=25773"},"modified":"2023-01-31T18:03:45","modified_gmt":"2023-01-31T18:03:45","slug":"sobre-santa-angela-2","status":"publish","type":"page","link":"https:\/\/sanantonioalgeciras.com\/index.php\/sobre-santa-angela-2\/","title":{"rendered":"SOBRE SAN PEDRO DE POVE"},"content":{"rendered":"<style>.wp-block-kadence-advancedheading.kt-adv-heading_c84990-d4, .wp-block-kadence-advancedheading.kt-adv-heading_c84990-d4[data-kb-block=\"kb-adv-heading_c84990-d4\"]{font-style:normal;font-family:-apple-system,BlinkMacSystemFont,\"Segoe UI\",Roboto,Oxygen-Sans,Ubuntu,Cantarell,\"Helvetica Neue\",sans-serif, \"Apple Color Emoji\", \"Segoe UI Emoji\", \"Segoe UI Symbol\";letter-spacing:1px;}.wp-block-kadence-advancedheading.kt-adv-heading_c84990-d4 mark, .wp-block-kadence-advancedheading.kt-adv-heading_c84990-d4[data-kb-block=\"kb-adv-heading_c84990-d4\"] mark{font-style:normal;color:#f76a0c;border-color:#ffffff;padding-top:0px;padding-right:0px;padding-bottom:0px;padding-left:0px;}<\/style>\n<h2 class=\"kt-adv-heading_c84990-d4 wp-block-kadence-advancedheading\" data-kb-block=\"kb-adv-heading_c84990-d4\"><strong>Sobre San Pedro De Poveda<\/strong><\/h2>\n\n\n<style>.wp-block-kadence-spacer.kt-block-spacer-_2b135a-44 .kt-block-spacer{height:10px;}.wp-block-kadence-spacer.kt-block-spacer-_2b135a-44 .kt-divider{border-top-width:1px;height:1px;border-top-color:#eee;width:80%;border-top-style:solid;}<\/style>\n<div class=\"wp-block-kadence-spacer aligncenter kt-block-spacer-_2b135a-44\"><div class=\"kt-block-spacer kt-block-spacer-halign-center\"><hr class=\"kt-divider\"\/><\/div><\/div>\n\n\n\n<div class=\"wp-block-media-text alignwide is-stacked-on-mobile\" style=\"grid-template-columns:21% auto\"><figure class=\"wp-block-media-text__media\"><img loading=\"lazy\" decoding=\"async\" width=\"1000\" height=\"1000\" src=\"https:\/\/sanantonioalgeciras.com\/wp-content\/uploads\/2022\/11\/WhatsApp-Image-2022-11-25-at-7.31.38-PM.jpeg\" alt=\"\" class=\"wp-image-25922 size-full\" srcset=\"https:\/\/sanantonioalgeciras.com\/wp-content\/uploads\/2022\/11\/WhatsApp-Image-2022-11-25-at-7.31.38-PM.jpeg 1000w, https:\/\/sanantonioalgeciras.com\/wp-content\/uploads\/2022\/11\/WhatsApp-Image-2022-11-25-at-7.31.38-PM-300x300.jpeg 300w, https:\/\/sanantonioalgeciras.com\/wp-content\/uploads\/2022\/11\/WhatsApp-Image-2022-11-25-at-7.31.38-PM-150x150.jpeg 150w, https:\/\/sanantonioalgeciras.com\/wp-content\/uploads\/2022\/11\/WhatsApp-Image-2022-11-25-at-7.31.38-PM-768x768.jpeg 768w, https:\/\/sanantonioalgeciras.com\/wp-content\/uploads\/2022\/11\/WhatsApp-Image-2022-11-25-at-7.31.38-PM-60x60.jpeg 60w, https:\/\/sanantonioalgeciras.com\/wp-content\/uploads\/2022\/11\/WhatsApp-Image-2022-11-25-at-7.31.38-PM-43x43.jpeg 43w, https:\/\/sanantonioalgeciras.com\/wp-content\/uploads\/2022\/11\/WhatsApp-Image-2022-11-25-at-7.31.38-PM-106x106.jpeg 106w, https:\/\/sanantonioalgeciras.com\/wp-content\/uploads\/2022\/11\/WhatsApp-Image-2022-11-25-at-7.31.38-PM-555x555.jpeg 555w, https:\/\/sanantonioalgeciras.com\/wp-content\/uploads\/2022\/11\/WhatsApp-Image-2022-11-25-at-7.31.38-PM-360x360.jpeg 360w, https:\/\/sanantonioalgeciras.com\/wp-content\/uploads\/2022\/11\/WhatsApp-Image-2022-11-25-at-7.31.38-PM-262x262.jpeg 262w\" sizes=\"auto, (max-width: 1000px) 100vw, 1000px\" \/><\/figure><div class=\"wp-block-media-text__content\"><style>.wp-block-kadence-advancedheading.kt-adv-heading_c21837-2c, .wp-block-kadence-advancedheading.kt-adv-heading_c21837-2c[data-kb-block=\"kb-adv-heading_c21837-2c\"]{font-size:15px;line-height:22px;font-style:normal;font-family:-apple-system,BlinkMacSystemFont,\"Segoe UI\",Roboto,Oxygen-Sans,Ubuntu,Cantarell,\"Helvetica Neue\",sans-serif, \"Apple Color Emoji\", \"Segoe UI Emoji\", \"Segoe UI Symbol\";letter-spacing:1px;}.wp-block-kadence-advancedheading.kt-adv-heading_c21837-2c mark, .wp-block-kadence-advancedheading.kt-adv-heading_c21837-2c[data-kb-block=\"kb-adv-heading_c21837-2c\"] mark{font-style:normal;color:#f76a0c;border-color:#ffffff;padding-top:0px;padding-right:0px;padding-bottom:0px;padding-left:0px;}<\/style>\n<h4 class=\"kt-adv-heading_c21837-2c wp-block-kadence-advancedheading\" data-kb-block=\"kb-adv-heading_c21837-2c\"> <\/h4>\n\n\n\n<p>Oraci\u00f3n a Dios por intercesi\u00f3n de San Pedro Poveda<\/p>\n\n\n\n<p>Se\u00f1or Dios nuestro, que has elegido a San Pedro Poveda, Presb\u00edtero, para promover la acci\u00f3n evangelizadora de los cristianos mediante la educaci\u00f3n y la cultura y le has concedido la gracia del martirio, te pedimos, por su intercesi\u00f3n, audacia para anunciar y testimoniar el Evangelio y fortaleza para confesar la Fe.<\/p>\n\n\n\n<p>Por Jesucristo nuestro Se\u00f1or.<\/p>\n<\/div><\/div>\n\n\n<style>.wp-block-kadence-spacer.kt-block-spacer-_754420-38 .kt-block-spacer{height:40px;}.wp-block-kadence-spacer.kt-block-spacer-_754420-38 .kt-divider{border-top-width:1px;height:1px;border-top-color:#eee;width:80%;border-top-style:solid;}<\/style>\n<div class=\"wp-block-kadence-spacer aligncenter kt-block-spacer-_754420-38\"><div class=\"kt-block-spacer kt-block-spacer-halign-center\"><hr class=\"kt-divider\"\/><\/div><\/div>\n\n\n\n<p>                                                                                                                                                                                       <\/p>\n\n\n\n<p class=\"has-text-align-center\"><strong>FIESTA DE SAN PEDRO POVEDA<\/strong><\/p>\n\n\n\n<p class=\"has-text-align-center\">La fiesta del Santo se celebra el 28 de Julio, que es el aniversario de su martirio.<\/p>\n\n\n\n<div class=\"wp-block-columns is-layout-flex wp-container-core-columns-is-layout-9d6595d7 wp-block-columns-is-layout-flex\">\n<div class=\"wp-block-column is-layout-flow wp-block-column-is-layout-flow\">\n<pre id=\"block-0f722fe4-fd3d-415f-a383-428a3b99b0b9\" class=\"wp-block-preformatted has-white-color has-text-color has-background has-small-font-size\" style=\"background-color:#4b4545\"><strong>Enlaces con m\u00e1s informaci\u00f3n sobre San Pedro Poveda<\/strong>\n\nSan Pedro Poveda\u00a0 \u00a0\u00a0https:\/\/pedropoveda.org\/\n\nInstituci\u00f3n teresiana\u00a0\u00a0\u00a0\u00a0\u00a0\u00a0\u00a0\u00a0https:\/\/institucionteresiana.org\/es\/quienes-somos\/san-pedro-poveda\n\nSan Pedro Poveda, Presb\u00edtero, M\u00e1rtir\u00a0\u00a0\u00a0\u00a0\u00a0\u00a0https:\/\/www.aciprensa.com\/santos\/santo.php?id=398\n\n\u201cPoveda\u201d\u00a0\u00a0Pel\u00edcula de 2016. Dirigida por Pablo Moreno y protagonizado por Ra\u00fal Escudero y Elena Furiase. \n\n\n<\/pre>\n<\/div>\n<\/div>\n","protected":false},"excerpt":{"rendered":"<p>Sobre San Pedro De Poveda Oraci\u00f3n a Dios por intercesi\u00f3n de San Pedro Poveda Se\u00f1or Dios nuestro, que has elegido a San Pedro Poveda, Presb\u00edtero, para promover la acci\u00f3n evangelizadora de los cristianos mediante la educaci\u00f3n y la cultura y le has concedido la gracia del martirio, te pedimos, por su intercesi\u00f3n, audacia para anunciar&#8230;<\/p>\n","protected":false},"author":1,"featured_media":0,"parent":0,"menu_order":0,"comment_status":"closed","ping_status":"closed","template":"","meta":{"footnotes":""},"class_list":["post-25773","page","type-page","status-publish","hentry"],"_links":{"self":[{"href":"https:\/\/sanantonioalgeciras.com\/index.php\/wp-json\/wp\/v2\/pages\/25773","targetHints":{"allow":["GET"]}}],"collection":[{"href":"https:\/\/sanantonioalgeciras.com\/index.php\/wp-json\/wp\/v2\/pages"}],"about":[{"href":"https:\/\/sanantonioalgeciras.com\/index.php\/wp-json\/wp\/v2\/types\/page"}],"author":[{"embeddable":true,"href":"https:\/\/sanantonioalgeciras.com\/index.php\/wp-json\/wp\/v2\/users\/1"}],"replies":[{"embeddable":true,"href":"https:\/\/sanantonioalgeciras.com\/index.php\/wp-json\/wp\/v2\/comments?post=25773"}],"version-history":[{"count":34,"href":"https:\/\/sanantonioalgeciras.com\/index.php\/wp-json\/wp\/v2\/pages\/25773\/revisions"}],"predecessor-version":[{"id":26852,"href":"https:\/\/sanantonioalgeciras.com\/index.php\/wp-json\/wp\/v2\/pages\/25773\/revisions\/26852"}],"wp:attachment":[{"href":"https:\/\/sanantonioalgeciras.com\/index.php\/wp-json\/wp\/v2\/media?parent=25773"}],"curies":[{"name":"wp","href":"https:\/\/api.w.org\/{rel}","templated":true}]}}