{"id":26546,"date":"2023-01-12T18:09:28","date_gmt":"2023-01-12T18:09:28","guid":{"rendered":"https:\/\/sanantonioalgeciras.com\/?page_id=26546"},"modified":"2023-01-12T18:22:09","modified_gmt":"2023-01-12T18:22:09","slug":"letanias-santo-rosario","status":"publish","type":"page","link":"https:\/\/sanantonioalgeciras.com\/index.php\/letanias-santo-rosario\/","title":{"rendered":"Letanias Santo Rosario"},"content":{"rendered":"\n<p><strong>LETANIAS SANTO ROSARIO<\/strong><\/p>\n\n\n\n<p>Se\u00f1or, ten piedad<br>Cristo, ten piedad<br>Se\u00f1or, ten piedad.<br>Cristo, \u00f3yenos.<br>Cristo, esc\u00fachanos.<\/p>\n\n\n\n<p>Dios, Padre celestial,&nbsp;<br><strong>ten piedad de nosotros.<\/strong><\/p>\n\n\n\n<p>Dios, Hijo, Redentor del mundo,&nbsp;<br>Dios, Esp\u00edritu Santo,&nbsp;<br>Sant\u00edsima Trinidad, un solo Dios,<\/p>\n\n\n\n<p>Santa Mar\u00eda,&nbsp;<br><strong>ruega por nosotros.<\/strong><br>Santa Madre de Dios,<br>Santa Virgen de las V\u00edrgenes,<br>Madre de Cristo,&nbsp;<br>Madre de la Iglesia,&nbsp;<br>Madre de la misericordia,&nbsp;<br>Madre de la divina gracia,&nbsp;<br>Madre de la esperanza,&nbsp;<br>Madre pur\u00edsima,&nbsp;<br>Madre cast\u00edsima,&nbsp;<br>Madre siempre virgen,<br>Madre inmaculada,&nbsp;<br>Madre amable,&nbsp;<br>Madre admirable,&nbsp;<br>Madre del buen consejo,&nbsp;<br>Madre del Creador,&nbsp;<br>Madre del Salvador,&nbsp;<br>Virgen prudent\u00edsima,&nbsp;<br>Virgen digna de veneraci\u00f3n,&nbsp;<br>Virgen digna de alabanza,&nbsp;<br>Virgen poderosa,&nbsp;<br>Virgen clemente,&nbsp;<br>Virgen fiel,&nbsp;<br>Espejo de justicia,&nbsp;<br>Trono de la sabidur\u00eda,&nbsp;<br>Causa de nuestra alegr\u00eda,&nbsp;<br>Vaso espiritual,&nbsp;<br>Vaso digno de honor,&nbsp;<br>Vaso de insigne devoci\u00f3n,&nbsp;<br>Rosa m\u00edstica,&nbsp;<br>Torre de David,&nbsp;<br>Torre de marfil,&nbsp;<br>Casa de oro,&nbsp;<br>Arca de la Alianza,&nbsp;<br>Puerta del cielo,&nbsp;<br>Estrella de la ma\u00f1ana,&nbsp;<br>Salud de los enfermos,&nbsp;<br>Refugio de los pecadores,&nbsp;<br>Consuelo de los migrantes,<br>Consoladora de los afligidos,&nbsp;<br>Auxilio de los cristianos,&nbsp;<br>Reina de los \u00c1ngeles,&nbsp;<br>Reina de los Patriarcas,&nbsp;<br>Reina de los Profetas,&nbsp;<br>Reina de los Ap\u00f3stoles,&nbsp;<br>Reina de los M\u00e1rtires,&nbsp;<br>Reina de los Confesores,&nbsp;<br>Reina de las V\u00edrgenes,&nbsp;<br>Reina de todos los Santos,&nbsp;<br>Reina concebida sin pecado original,&nbsp;<br>Reina asunta a los Cielos,&nbsp;<br>Reina del Sant\u00edsimo Rosario,&nbsp;<br>Reina de la familia,&nbsp;<br>Reina de la paz.<\/p>\n\n\n\n<p>Cordero de Dios, que quitas el pecado del mundo,&nbsp;<br><strong>perd\u00f3nanos, Se\u00f1or.<\/strong><\/p>\n\n\n\n<p>Cordero de Dios, que quitas el pecado del mundo,&nbsp;<br><strong>esc\u00fachanos, Se\u00f1or.<\/strong><\/p>\n\n\n\n<p>Cordero de Dios, que quitas el pecado del mundo,&nbsp;<br><strong>ten misericordia de nosotros.<\/strong><\/p>\n\n\n\n<p>Ruega por nosotros, Santa Madre de Dios.&nbsp;<br><strong>Para que seamos dignos de las promesas de Cristo.<\/strong><\/p>\n","protected":false},"excerpt":{"rendered":"<p>LETANIAS SANTO ROSARIO Se\u00f1or, ten piedadCristo, ten piedadSe\u00f1or, ten piedad.Cristo, \u00f3yenos.Cristo, esc\u00fachanos. Dios, Padre celestial,&nbsp;ten piedad de nosotros. Dios, Hijo, Redentor del mundo,&nbsp;Dios, Esp\u00edritu Santo,&nbsp;Sant\u00edsima Trinidad, un solo Dios, Santa Mar\u00eda,&nbsp;ruega por nosotros.Santa Madre de Dios,Santa Virgen de las V\u00edrgenes,Madre de Cristo,&nbsp;Madre de la Iglesia,&nbsp;Madre de la misericordia,&nbsp;Madre de la divina gracia,&nbsp;Madre de la esperanza,&nbsp;Madre&#8230;<\/p>\n","protected":false},"author":1,"featured_media":0,"parent":0,"menu_order":0,"comment_status":"closed","ping_status":"closed","template":"","meta":{"footnotes":""},"class_list":["post-26546","page","type-page","status-publish","hentry"],"_links":{"self":[{"href":"https:\/\/sanantonioalgeciras.com\/index.php\/wp-json\/wp\/v2\/pages\/26546","targetHints":{"allow":["GET"]}}],"collection":[{"href":"https:\/\/sanantonioalgeciras.com\/index.php\/wp-json\/wp\/v2\/pages"}],"about":[{"href":"https:\/\/sanantonioalgeciras.com\/index.php\/wp-json\/wp\/v2\/types\/page"}],"author":[{"embeddable":true,"href":"https:\/\/sanantonioalgeciras.com\/index.php\/wp-json\/wp\/v2\/users\/1"}],"replies":[{"embeddable":true,"href":"https:\/\/sanantonioalgeciras.com\/index.php\/wp-json\/wp\/v2\/comments?post=26546"}],"version-history":[{"count":2,"href":"https:\/\/sanantonioalgeciras.com\/index.php\/wp-json\/wp\/v2\/pages\/26546\/revisions"}],"predecessor-version":[{"id":26548,"href":"https:\/\/sanantonioalgeciras.com\/index.php\/wp-json\/wp\/v2\/pages\/26546\/revisions\/26548"}],"wp:attachment":[{"href":"https:\/\/sanantonioalgeciras.com\/index.php\/wp-json\/wp\/v2\/media?parent=26546"}],"curies":[{"name":"wp","href":"https:\/\/api.w.org\/{rel}","templated":true}]}}